{"id":3013,"date":"2021-07-13T14:27:06","date_gmt":"2021-07-13T11:27:06","guid":{"rendered":"https:\/\/sanford.com.tr\/?page_id=3013"},"modified":"2024-03-28T14:06:54","modified_gmt":"2024-03-28T11:06:54","slug":"kvkk","status":"publish","type":"page","link":"https:\/\/sanford.com.tr\/?page_id=3013","title":{"rendered":"KVKK"},"content":{"rendered":"<p>[vc_row full_width=&#8221;stretch_row&#8221; css=&#8221;.vc_custom_1626175574989{background-image: url(https:\/\/sanford.com.tr\/wp-content\/uploads\/2021\/07\/ball-63527_1920-1.jpg?id=3092) !important;}&#8221; el_class=&#8221;wrap-history&#8221;][vc_column][vc_column_text]<\/p>\n<h1 style=\"text-align: center;\"><span style=\"color: #ffffff;\">Ki\u015fisel Verileri Korunmas\u0131 Kanunu<\/span><\/h1>\n<h1 style=\"text-align: center;\"><span style=\"color: #ffffff;\">(KVKK)<\/span><\/h1>\n<h2 class=\"_04xlpA direction-ltr align-start para-style-body\" style=\"text-align: center;\"><span style=\"color: #ffffff;\"><span class=\"JsGRdQ\">L\u00fctfen a\u015fa\u011f\u0131daki ba\u015fl\u0131klar\u0131n \u00fczerine\u00a0<\/span><span class=\"JsGRdQ\">t\u0131klayarak ilgili metinlere<\/span><\/span><\/h2>\n<h2 class=\"_04xlpA direction-ltr align-start para-style-body\" style=\"text-align: center;\"><span class=\"JsGRdQ\" style=\"color: #ffffff;\">eri\u015fim sa\u011flay\u0131n\u0131z.<\/span><\/h2>\n<p>[\/vc_column_text][\/vc_column][\/vc_row][vc_row css=&#8221;.vc_custom_1561576255584{padding-bottom: 100px !important;}&#8221;][vc_column width=&#8221;1\/4&#8243;][vc_empty_space][vc_single_image image=&#8221;3032&#8243; alignment=&#8221;center&#8221; style=&#8221;vc_box_border&#8221; onclick=&#8221;custom_link&#8221; img_link_target=&#8221;_blank&#8221; link=&#8221;https:\/\/sanford.com.tr\/wp-content\/uploads\/2021\/07\/\u00c7erez-Politikas\u0131.pdf&#8221;][vc_column_text]<\/p>\n<p style=\"text-align: center;\">\u00c7erez Politikas\u0131<\/p>\n<p>[\/vc_column_text][\/vc_column][vc_column width=&#8221;1\/4&#8243;][vc_empty_space][vc_single_image image=&#8221;3024&#8243; alignment=&#8221;center&#8221; style=&#8221;vc_box_border&#8221; onclick=&#8221;custom_link&#8221; img_link_target=&#8221;_blank&#8221; link=&#8221;https:\/\/sanford.com.tr\/wp-content\/uploads\/2021\/07\/\u0130nternet-Sitesi-\u0130\u00e7in-Ayd\u0131nlatma-Metni.pdf&#8221;][vc_column_text]<\/p>\n<p style=\"text-align: center;\">\u0130nternet Sitesi \u0130\u00e7in Ayd\u0131nlatma Metni<\/p>\n<p>[\/vc_column_text][\/vc_column][vc_column width=&#8221;1\/4&#8243;][vc_empty_space][vc_single_image image=&#8221;3096&#8243; alignment=&#8221;center&#8221; style=&#8221;vc_box_border&#8221; onclick=&#8221;custom_link&#8221; img_link_target=&#8221;_blank&#8221; link=&#8221;https:\/\/sanford.com.tr\/wp-content\/uploads\/2021\/07\/Ki\u015fisel-Veri-Ba\u015fvuru-ve-Yan\u0131t-Prosed\u00fcr\u00fc.pdf&#8221;][vc_column_text]<\/p>\n<p style=\"text-align: center;\">Ki\u015fisel Veri Ba\u015fvuru ve Yan\u0131t Prosed\u00fcr\u00fc<\/p>\n<p>[\/vc_column_text][\/vc_column][vc_column width=&#8221;1\/4&#8243;][vc_empty_space][vc_single_image image=&#8221;3031&#8243; alignment=&#8221;center&#8221; style=&#8221;vc_box_border&#8221; onclick=&#8221;custom_link&#8221; img_link_target=&#8221;_blank&#8221; link=&#8221;https:\/\/sanford.com.tr\/wp-content\/uploads\/2021\/07\/Ki\u015fisel-Verilerin-Korunmas\u0131-ve-\u0130\u015flenmesi-Politikas\u0131-GENEL.pdf&#8221;][vc_column_text]<\/p>\n<p style=\"text-align: center;\">Ki\u015fisel Verilerin Korunmas\u0131 ve \u0130\u015flenmesi Politikas\u0131 (GENEL)<\/p>\n<p>[\/vc_column_text][\/vc_column][\/vc_row][vc_row css=&#8221;.vc_custom_1561576255584{padding-bottom: 100px !important;}&#8221;][vc_column width=&#8221;1\/3&#8243;][\/vc_column][vc_column width=&#8221;1\/3&#8243;][vc_empty_space][vc_single_image image=&#8221;3032&#8243; alignment=&#8221;center&#8221; style=&#8221;vc_box_border&#8221; onclick=&#8221;custom_link&#8221; img_link_target=&#8221;_blank&#8221; link=&#8221;https:\/\/sanford.com.tr\/wp-content\/uploads\/2021\/07\/\u00dcr\u00fcn-veya-Hizmet-Alan-Ki\u015fi-\u0130\u00e7in-Ayd\u0131nlatma-Metni.pdf&#8221;][vc_column_text]<\/p>\n<p style=\"text-align: center;\">\u00dcr\u00fcn veya Hizmet Alan Ki\u015fi \u0130\u00e7in Ayd\u0131nlatma Metni<\/p>\n<p>[\/vc_column_text][\/vc_column][vc_column width=&#8221;1\/3&#8243;][\/vc_column][\/vc_row][vc_row full_width=&#8221;stretch_row&#8221; css=&#8221;.vc_custom_1626174331848{background-image: url(https:\/\/sanford.com.tr\/wp-content\/uploads\/2021\/07\/ball-63527_1920.jpg?id=3040) !important;}&#8221; el_class=&#8221;wrap-history&#8221;][vc_column][vc_column_text][\/vc_column_text][vc_empty_space][\/vc_column][\/vc_row][vc_row css=&#8221;.vc_custom_1561576255584{padding-bottom: 100px !important;}&#8221;][vc_column width=&#8221;1\/3&#8243;][\/vc_column][vc_column width=&#8221;1\/3&#8243;][\/vc_column][vc_column width=&#8221;1\/3&#8243;][\/vc_column][\/vc_row]<\/p>\n","protected":false},"excerpt":{"rendered":"<p>[vc_row full_width=&#8221;stretch_row&#8221; css=&#8221;.vc_custom_1626175574989{background-image: url(https:\/\/sanford.com.tr\/wp-content\/uploads\/2021\/07\/ball-63527_1920-1.jpg?id=3092) !important;}&#8221; el_class=&#8221;wrap-history&#8221;][vc_column][vc_column_text] Ki\u015fisel Verileri Korunmas\u0131 Kanunu (KVKK) L\u00fctfen a\u015fa\u011f\u0131daki ba\u015fl\u0131klar\u0131n \u00fczerine\u00a0t\u0131klayarak ilgili metinlere eri\u015fim sa\u011flay\u0131n\u0131z. [\/vc_column_text][\/vc_column][\/vc_row][vc_row css=&#8221;.vc_custom_1561576255584{padding-bottom: 100px !important;}&#8221;][vc_column width=&#8221;1\/4&#8243;][vc_empty_space][vc_single_image image=&#8221;3032&#8243; alignment=&#8221;center&#8221; style=&#8221;vc_box_border&#8221; onclick=&#8221;custom_link&#8221; img_link_target=&#8221;_blank&#8221; link=&#8221;https:\/\/sanford.com.tr\/wp-content\/uploads\/2021\/07\/\u00c7erez-Politikas\u0131.pdf&#8221;][vc_column_text] \u00c7erez Politikas\u0131 [\/vc_column_text][\/vc_column][vc_column width=&#8221;1\/4&#8243;][vc_empty_space][vc_single_image image=&#8221;3024&#8243; alignment=&#8221;center&#8221; style=&#8221;vc_box_border&#8221; onclick=&#8221;custom_link&#8221; img_link_target=&#8221;_blank&#8221; link=&#8221;https:\/\/sanford.com.tr\/wp-content\/uploads\/2021\/07\/\u0130nternet-Sitesi-\u0130\u00e7in-Ayd\u0131nlatma-Metni.pdf&#8221;][vc_column_text] \u0130nternet Sitesi \u0130\u00e7in Ayd\u0131nlatma Metni [\/vc_column_text][\/vc_column][vc_column width=&#8221;1\/4&#8243;][vc_empty_space][vc_single_image image=&#8221;3096&#8243; alignment=&#8221;center&#8221; style=&#8221;vc_box_border&#8221; onclick=&#8221;custom_link&#8221; img_link_target=&#8221;_blank&#8221; link=&#8221;https:\/\/sanford.com.tr\/wp-content\/uploads\/2021\/07\/Ki\u015fisel-Veri-Ba\u015fvuru-ve-Yan\u0131t-Prosed\u00fcr\u00fc.pdf&#8221;][vc_column_text] Ki\u015fisel Veri [&hellip;]<\/p>\n","protected":false},"author":1,"featured_media":0,"parent":0,"menu_order":0,"comment_status":"closed","ping_status":"closed","template":"visual-template.php","meta":{"_mi_skip_tracking":false},"_links":{"self":[{"href":"https:\/\/sanford.com.tr\/index.php?rest_route=\/wp\/v2\/pages\/3013"}],"collection":[{"href":"https:\/\/sanford.com.tr\/index.php?rest_route=\/wp\/v2\/pages"}],"about":[{"href":"https:\/\/sanford.com.tr\/index.php?rest_route=\/wp\/v2\/types\/page"}],"author":[{"embeddable":true,"href":"https:\/\/sanford.com.tr\/index.php?rest_route=\/wp\/v2\/users\/1"}],"replies":[{"embeddable":true,"href":"https:\/\/sanford.com.tr\/index.php?rest_route=%2Fwp%2Fv2%2Fcomments&post=3013"}],"version-history":[{"count":62,"href":"https:\/\/sanford.com.tr\/index.php?rest_route=\/wp\/v2\/pages\/3013\/revisions"}],"predecessor-version":[{"id":3181,"href":"https:\/\/sanford.com.tr\/index.php?rest_route=\/wp\/v2\/pages\/3013\/revisions\/3181"}],"wp:attachment":[{"href":"https:\/\/sanford.com.tr\/index.php?rest_route=%2Fwp%2Fv2%2Fmedia&parent=3013"}],"curies":[{"name":"wp","href":"https:\/\/api.w.org\/{rel}","templated":true}]}}